{"id":43,"date":"2022-09-11T15:25:14","date_gmt":"2022-09-11T13:25:14","guid":{"rendered":"http:\/\/guillat.cluster030.hosting.ovh.net\/?page_id=43"},"modified":"2022-09-14T20:00:29","modified_gmt":"2022-09-14T18:00:29","slug":"bio-2","status":"publish","type":"page","link":"https:\/\/guillaumebrucelle.com\/?page_id=43","title":{"rendered":"Bio"},"content":{"rendered":"\n<p>Musicien, il se forme tr\u00e8s jeune \u00e0 l\u2019\u00e9tude de l\u2019orgue puis au conservatoire National de R\u00e9gion de Rennes avec Damien Simon, ainsi qu\u2019au conservatoire Toulon-Provence-M\u00e9diterran\u00e9e avec Pascal Marsault. Il terminera son cursus en interpr\u00e9tation avec Jean-Baptiste Robin \u00e0 Versailles. Tout au long de son parcours, Guillaume Brucelle travaille l\u2019\u00e9criture classique (Harmonie, Contrepoint, Fugue) en dernier lieu avec Pierre Pincemaille. Thierry Escaich lui remettra un second prix au concours International de Saint Bertrand de Comminges en 2010 pour sa pi\u00e8ce pour orgue Vertige.<\/p>\n\n\n\n<p>La voie universitaire lui permettra d\u2019obtenir un master en musicologie \u2013 recherche sur Jeanne Demessieux sous la direction de Michel Fischer en 2012 \u00e0 Paris-IV Sorbonne. Il y effectuera un partenariat HEC\/Sorbonne au cours de son cursus notamment en m\u00e9thode et strat\u00e9gie de n\u00e9gociation et en Hub management.<\/p>\n\n\n\n<p>Attir\u00e9 par la musique de film, il \u00e9tudie tr\u00e8s t\u00f4t la musique de John Williams, Danny Elfmann, Alexandre Desplat, James Horner, John Barry, Howard Shore et de nombreux autres compositeurs.<\/p>\n\n\n\n<p>Il d\u00e9veloppe l\u2019orchestration avec Conrad Pope et Nan Schwartz, la composition avec Joe Kraemer et le midi mockup avec TJ Lindgren au Hollywood Music Workshop de Vienne entre 2015 et 2017. Il enregistre deux pi\u00e8ces pour orchestre au Synchron Stage de Vienne. Il en assure la mise en oeuvre \u00e0 travers la composition, l\u2019orchestration, la pr\u00e9paration du mat\u00e9riel et la direction.<\/p>\n\n\n\n<p>En 2016, il compose la musique de l\u2019album e orchestra \u00e9dit\u00e9 par Alter K. Sa musique sera r\u00e9utilis\u00e9e en TV sur diff\u00e9rentes cha\u00eenes.<\/p>\n\n\n\n<p>Il compose la musique de nombreux court-m\u00e9trages de fiction. On peut citer le moyen-m\u00e9trage \u00ab&nbsp;Un si Jolie Monde&nbsp;\u00bb 2019 de Matthieu Rodriguez s\u00e9lectionn\u00e9 au Monaco Film Festival en 2020 et \u00e0 Ican Hanna Film festival de Pennsylvanie en 2021.<\/p>\n\n\n\n<p>Il a jou\u00e9 pour de nombreux concerts dans le cadre de festival, pour des d\u00e9fil\u00e9s de mode dans le cadre de la fashion week (J-C de Castelbajac et V.Westwood). En 2020, il est notamment appel\u00e9 pour jouer aux obs\u00e8ques du pianiste de jazz et chef d\u2019orchestre Claude Bolling, disciple de Duke Ellington.<\/p>\n\n\n<div class=\"wp-block-image\">\n<figure class=\"aligncenter size-large\"><img loading=\"lazy\" decoding=\"async\" width=\"768\" height=\"1024\" src=\"https:\/\/guillaumebrucelle.com\/wp-content\/uploads\/2022\/09\/cropped-20220911_173041-scaled-1-768x1024.jpg\" alt=\"\" class=\"wp-image-76\" srcset=\"https:\/\/guillaumebrucelle.com\/wp-content\/uploads\/2022\/09\/cropped-20220911_173041-scaled-1-768x1024.jpg 768w, https:\/\/guillaumebrucelle.com\/wp-content\/uploads\/2022\/09\/cropped-20220911_173041-scaled-1-225x300.jpg 225w, https:\/\/guillaumebrucelle.com\/wp-content\/uploads\/2022\/09\/cropped-20220911_173041-scaled-1-1152x1536.jpg 1152w, https:\/\/guillaumebrucelle.com\/wp-content\/uploads\/2022\/09\/cropped-20220911_173041-scaled-1-1536x2048.jpg 1536w, https:\/\/guillaumebrucelle.com\/wp-content\/uploads\/2022\/09\/cropped-20220911_173041-scaled-1-666x888.jpg 666w, https:\/\/guillaumebrucelle.com\/wp-content\/uploads\/2022\/09\/cropped-20220911_173041-scaled-1.jpg 1920w\" sizes=\"auto, (max-width: 768px) 100vw, 768px\" \/><\/figure>\n<\/div>","protected":false},"excerpt":{"rendered":"<p>Musicien, il se forme tr\u00e8s jeune \u00e0 l\u2019\u00e9tude de l\u2019orgue puis au conservatoire National de R\u00e9gion de Rennes avec Damien<\/p>\n<p><span class=\"more-link\"><a href=\"https:\/\/guillaumebrucelle.com\/?page_id=43\" class=\"readmore\">Continue reading<span class=\"screen-reader-text\">Bio<\/span><\/a><\/span><\/p>\n","protected":false},"author":1,"featured_media":0,"parent":0,"menu_order":0,"comment_status":"closed","ping_status":"closed","template":"","meta":{"footnotes":""},"class_list":["post-43","page","type-page","status-publish","hentry"],"yoast_head":"<!-- This site is optimized with the Yoast SEO plugin v23.1 - https:\/\/yoast.com\/wordpress\/plugins\/seo\/ -->\n<title>Bio - Guillaume BRUCELLE<\/title>\n<meta name=\"robots\" content=\"index, follow, max-snippet:-1, max-image-preview:large, max-video-preview:-1\" \/>\n<link rel=\"canonical\" href=\"https:\/\/guillaumebrucelle.com\/?page_id=43\" \/>\n<meta property=\"og:locale\" content=\"fr_FR\" \/>\n<meta property=\"og:type\" content=\"article\" \/>\n<meta property=\"og:title\" content=\"Bio - Guillaume BRUCELLE\" \/>\n<meta property=\"og:description\" content=\"Musicien, il se forme tr\u00e8s jeune \u00e0 l\u2019\u00e9tude de l\u2019orgue puis au conservatoire National de R\u00e9gion de Rennes avec DamienContinue readingBio\" \/>\n<meta property=\"og:url\" content=\"https:\/\/guillaumebrucelle.com\/?page_id=43\" \/>\n<meta property=\"og:site_name\" content=\"Guillaume BRUCELLE\" \/>\n<meta property=\"article:modified_time\" content=\"2022-09-14T18:00:29+00:00\" \/>\n<meta property=\"og:image\" content=\"http:\/\/guillaumebrucelle.com\/wp-content\/uploads\/2022\/09\/cropped-20220911_173041-scaled-1-768x1024.jpg\" \/>\n<meta name=\"twitter:card\" content=\"summary_large_image\" \/>\n<meta name=\"twitter:label1\" content=\"Dur\u00e9e de lecture estim\u00e9e\" \/>\n\t<meta name=\"twitter:data1\" content=\"2 minutes\" \/>\n<script type=\"application\/ld+json\" class=\"yoast-schema-graph\">{\"@context\":\"https:\/\/schema.org\",\"@graph\":[{\"@type\":\"WebPage\",\"@id\":\"https:\/\/guillaumebrucelle.com\/?page_id=43\",\"url\":\"https:\/\/guillaumebrucelle.com\/?page_id=43\",\"name\":\"Bio - Guillaume BRUCELLE\",\"isPartOf\":{\"@id\":\"https:\/\/guillaumebrucelle.com\/#website\"},\"primaryImageOfPage\":{\"@id\":\"https:\/\/guillaumebrucelle.com\/?page_id=43#primaryimage\"},\"image\":{\"@id\":\"https:\/\/guillaumebrucelle.com\/?page_id=43#primaryimage\"},\"thumbnailUrl\":\"http:\/\/guillaumebrucelle.com\/wp-content\/uploads\/2022\/09\/cropped-20220911_173041-scaled-1-768x1024.jpg\",\"datePublished\":\"2022-09-11T13:25:14+00:00\",\"dateModified\":\"2022-09-14T18:00:29+00:00\",\"breadcrumb\":{\"@id\":\"https:\/\/guillaumebrucelle.com\/?page_id=43#breadcrumb\"},\"inLanguage\":\"fr-FR\",\"potentialAction\":[{\"@type\":\"ReadAction\",\"target\":[\"https:\/\/guillaumebrucelle.com\/?page_id=43\"]}]},{\"@type\":\"ImageObject\",\"inLanguage\":\"fr-FR\",\"@id\":\"https:\/\/guillaumebrucelle.com\/?page_id=43#primaryimage\",\"url\":\"https:\/\/guillaumebrucelle.com\/wp-content\/uploads\/2022\/09\/cropped-20220911_173041-scaled-1.jpg\",\"contentUrl\":\"https:\/\/guillaumebrucelle.com\/wp-content\/uploads\/2022\/09\/cropped-20220911_173041-scaled-1.jpg\",\"width\":1920,\"height\":2560},{\"@type\":\"BreadcrumbList\",\"@id\":\"https:\/\/guillaumebrucelle.com\/?page_id=43#breadcrumb\",\"itemListElement\":[{\"@type\":\"ListItem\",\"position\":1,\"name\":\"Accueil\",\"item\":\"https:\/\/guillaumebrucelle.com\/\"},{\"@type\":\"ListItem\",\"position\":2,\"name\":\"Bio\"}]},{\"@type\":\"WebSite\",\"@id\":\"https:\/\/guillaumebrucelle.com\/#website\",\"url\":\"https:\/\/guillaumebrucelle.com\/\",\"name\":\"Guillaume BRUCELLE\",\"description\":\"Composer, arranger and orchestrator\",\"potentialAction\":[{\"@type\":\"SearchAction\",\"target\":{\"@type\":\"EntryPoint\",\"urlTemplate\":\"https:\/\/guillaumebrucelle.com\/?s={search_term_string}\"},\"query-input\":\"required name=search_term_string\"}],\"inLanguage\":\"fr-FR\"}]}<\/script>\n<!-- \/ Yoast SEO plugin. -->","yoast_head_json":{"title":"Bio - Guillaume BRUCELLE","robots":{"index":"index","follow":"follow","max-snippet":"max-snippet:-1","max-image-preview":"max-image-preview:large","max-video-preview":"max-video-preview:-1"},"canonical":"https:\/\/guillaumebrucelle.com\/?page_id=43","og_locale":"fr_FR","og_type":"article","og_title":"Bio - Guillaume BRUCELLE","og_description":"Musicien, il se forme tr\u00e8s jeune \u00e0 l\u2019\u00e9tude de l\u2019orgue puis au conservatoire National de R\u00e9gion de Rennes avec DamienContinue readingBio","og_url":"https:\/\/guillaumebrucelle.com\/?page_id=43","og_site_name":"Guillaume BRUCELLE","article_modified_time":"2022-09-14T18:00:29+00:00","og_image":[{"url":"http:\/\/guillaumebrucelle.com\/wp-content\/uploads\/2022\/09\/cropped-20220911_173041-scaled-1-768x1024.jpg"}],"twitter_card":"summary_large_image","twitter_misc":{"Dur\u00e9e de lecture estim\u00e9e":"2 minutes"},"schema":{"@context":"https:\/\/schema.org","@graph":[{"@type":"WebPage","@id":"https:\/\/guillaumebrucelle.com\/?page_id=43","url":"https:\/\/guillaumebrucelle.com\/?page_id=43","name":"Bio - Guillaume BRUCELLE","isPartOf":{"@id":"https:\/\/guillaumebrucelle.com\/#website"},"primaryImageOfPage":{"@id":"https:\/\/guillaumebrucelle.com\/?page_id=43#primaryimage"},"image":{"@id":"https:\/\/guillaumebrucelle.com\/?page_id=43#primaryimage"},"thumbnailUrl":"http:\/\/guillaumebrucelle.com\/wp-content\/uploads\/2022\/09\/cropped-20220911_173041-scaled-1-768x1024.jpg","datePublished":"2022-09-11T13:25:14+00:00","dateModified":"2022-09-14T18:00:29+00:00","breadcrumb":{"@id":"https:\/\/guillaumebrucelle.com\/?page_id=43#breadcrumb"},"inLanguage":"fr-FR","potentialAction":[{"@type":"ReadAction","target":["https:\/\/guillaumebrucelle.com\/?page_id=43"]}]},{"@type":"ImageObject","inLanguage":"fr-FR","@id":"https:\/\/guillaumebrucelle.com\/?page_id=43#primaryimage","url":"https:\/\/guillaumebrucelle.com\/wp-content\/uploads\/2022\/09\/cropped-20220911_173041-scaled-1.jpg","contentUrl":"https:\/\/guillaumebrucelle.com\/wp-content\/uploads\/2022\/09\/cropped-20220911_173041-scaled-1.jpg","width":1920,"height":2560},{"@type":"BreadcrumbList","@id":"https:\/\/guillaumebrucelle.com\/?page_id=43#breadcrumb","itemListElement":[{"@type":"ListItem","position":1,"name":"Accueil","item":"https:\/\/guillaumebrucelle.com\/"},{"@type":"ListItem","position":2,"name":"Bio"}]},{"@type":"WebSite","@id":"https:\/\/guillaumebrucelle.com\/#website","url":"https:\/\/guillaumebrucelle.com\/","name":"Guillaume BRUCELLE","description":"Composer, arranger and orchestrator","potentialAction":[{"@type":"SearchAction","target":{"@type":"EntryPoint","urlTemplate":"https:\/\/guillaumebrucelle.com\/?s={search_term_string}"},"query-input":"required name=search_term_string"}],"inLanguage":"fr-FR"}]}},"_links":{"self":[{"href":"https:\/\/guillaumebrucelle.com\/index.php?rest_route=\/wp\/v2\/pages\/43","targetHints":{"allow":["GET"]}}],"collection":[{"href":"https:\/\/guillaumebrucelle.com\/index.php?rest_route=\/wp\/v2\/pages"}],"about":[{"href":"https:\/\/guillaumebrucelle.com\/index.php?rest_route=\/wp\/v2\/types\/page"}],"author":[{"embeddable":true,"href":"https:\/\/guillaumebrucelle.com\/index.php?rest_route=\/wp\/v2\/users\/1"}],"replies":[{"embeddable":true,"href":"https:\/\/guillaumebrucelle.com\/index.php?rest_route=%2Fwp%2Fv2%2Fcomments&post=43"}],"version-history":[{"count":4,"href":"https:\/\/guillaumebrucelle.com\/index.php?rest_route=\/wp\/v2\/pages\/43\/revisions"}],"predecessor-version":[{"id":86,"href":"https:\/\/guillaumebrucelle.com\/index.php?rest_route=\/wp\/v2\/pages\/43\/revisions\/86"}],"wp:attachment":[{"href":"https:\/\/guillaumebrucelle.com\/index.php?rest_route=%2Fwp%2Fv2%2Fmedia&parent=43"}],"curies":[{"name":"wp","href":"https:\/\/api.w.org\/{rel}","templated":true}]}}