{"id":12,"date":"2022-09-11T14:40:30","date_gmt":"2022-09-11T12:40:30","guid":{"rendered":"http:\/\/guillat.cluster030.hosting.ovh.net\/?page_id=12"},"modified":"2024-01-20T20:45:46","modified_gmt":"2024-01-20T19:45:46","slug":"bio","status":"publish","type":"page","link":"https:\/\/guillaumebrucelle.com\/","title":{"rendered":"Guillaume Brucelle"},"content":{"rendered":"\n<p>Organiste, compositeur, arrangeur et orchestrateur, son art s&rsquo;\u00e9tend sur plusieurs champs, celui de la composition \u00e0 l&rsquo;image mais aussi en tant qu&rsquo;instrumentiste. Il d\u00e9couvre le r\u00e9pertoire baroque tr\u00e8s t\u00f4t puis s&rsquo;int\u00e9resse au r\u00e9pertoire classique et romantique pour ensuite \u00e9tudier les grands compositeurs de musiques de films d&rsquo;aujourd&rsquo;hui. C&rsquo;est aussi dans l&rsquo;improvisation que na\u00eet son go\u00fbt pour la recherche rythmique et harmonique, dans lequel les diff\u00e9rents th\u00e8mes prennent leurs place.<\/p>\n\n\n\n<div class=\"wp-block-group alignfull has-background-color\" style=\"margin-top:0;margin-bottom:0;padding-top:var(--wp--preset--spacing--40);padding-right:var(--wp--preset--spacing--30);padding-bottom:var(--wp--preset--spacing--40);padding-left:var(--wp--preset--spacing--30)\"><div class=\"wp-block-group__inner-container is-layout-constrained wp-container-core-group-is-layout-91a691eb wp-block-group-is-layout-constrained\">\n<div class=\"wp-block-group alignwide is-content-justification-space-between is-layout-flex wp-container-core-group-is-layout-256aec57 wp-block-group-is-layout-flex\">\n<div class=\"wp-block-group is-layout-flex wp-block-group-is-layout-flex\"><\/div>\n<\/div>\n<\/div><\/div>\n\n\n\n<div class=\"wp-block-group alignfull has-contrast-color has-text-color has-link-color wp-elements-0597f2d036e09574318860e59f0349ba is-content-justification-space-between is-layout-flex wp-container-core-group-is-layout-fefaeca0 wp-block-group-is-layout-flex\" style=\"padding-top:var(--wp--preset--spacing--30);padding-right:var(--wp--preset--spacing--30);padding-bottom:var(--wp--preset--spacing--30);padding-left:var(--wp--preset--spacing--30)\"><\/div>\n","protected":false},"excerpt":{"rendered":"<p>Organiste, compositeur, arrangeur et orchestrateur, son art s&rsquo;\u00e9tend sur plusieurs champs, celui de la composition \u00e0 l&rsquo;image mais aussi en<\/p>\n<p><span class=\"more-link\"><a href=\"https:\/\/guillaumebrucelle.com\/\" class=\"readmore\">Continue reading<span class=\"screen-reader-text\">Guillaume Brucelle<\/span><\/a><\/span><\/p>\n","protected":false},"author":1,"featured_media":0,"parent":0,"menu_order":0,"comment_status":"closed","ping_status":"closed","template":"","meta":{"footnotes":""},"class_list":["post-12","page","type-page","status-publish","hentry"],"yoast_head":"<!-- This site is optimized with the Yoast SEO plugin v23.1 - https:\/\/yoast.com\/wordpress\/plugins\/seo\/ -->\n<title>Guillaume Brucelle - Guillaume BRUCELLE<\/title>\n<meta name=\"robots\" content=\"index, follow, max-snippet:-1, max-image-preview:large, max-video-preview:-1\" \/>\n<link rel=\"canonical\" href=\"https:\/\/guillaumebrucelle.com\/\" \/>\n<meta property=\"og:locale\" content=\"fr_FR\" \/>\n<meta property=\"og:type\" content=\"article\" \/>\n<meta property=\"og:title\" content=\"Guillaume Brucelle - Guillaume BRUCELLE\" \/>\n<meta property=\"og:description\" content=\"Organiste, compositeur, arrangeur et orchestrateur, son art s&rsquo;\u00e9tend sur plusieurs champs, celui de la composition \u00e0 l&rsquo;image mais aussi enContinue readingGuillaume Brucelle\" \/>\n<meta property=\"og:url\" content=\"https:\/\/guillaumebrucelle.com\/\" \/>\n<meta property=\"og:site_name\" content=\"Guillaume BRUCELLE\" \/>\n<meta property=\"article:modified_time\" content=\"2024-01-20T19:45:46+00:00\" \/>\n<meta name=\"twitter:card\" content=\"summary_large_image\" \/>\n<meta name=\"twitter:label1\" content=\"Dur\u00e9e de lecture estim\u00e9e\" \/>\n\t<meta name=\"twitter:data1\" content=\"1 minute\" \/>\n<script type=\"application\/ld+json\" class=\"yoast-schema-graph\">{\"@context\":\"https:\/\/schema.org\",\"@graph\":[{\"@type\":\"WebPage\",\"@id\":\"https:\/\/guillaumebrucelle.com\/\",\"url\":\"https:\/\/guillaumebrucelle.com\/\",\"name\":\"Guillaume Brucelle - Guillaume BRUCELLE\",\"isPartOf\":{\"@id\":\"https:\/\/guillaumebrucelle.com\/#website\"},\"datePublished\":\"2022-09-11T12:40:30+00:00\",\"dateModified\":\"2024-01-20T19:45:46+00:00\",\"breadcrumb\":{\"@id\":\"https:\/\/guillaumebrucelle.com\/#breadcrumb\"},\"inLanguage\":\"fr-FR\",\"potentialAction\":[{\"@type\":\"ReadAction\",\"target\":[\"https:\/\/guillaumebrucelle.com\/\"]}]},{\"@type\":\"BreadcrumbList\",\"@id\":\"https:\/\/guillaumebrucelle.com\/#breadcrumb\",\"itemListElement\":[{\"@type\":\"ListItem\",\"position\":1,\"name\":\"Accueil\",\"item\":\"https:\/\/guillaumebrucelle.com\/\"},{\"@type\":\"ListItem\",\"position\":2,\"name\":\"Guillaume Brucelle\"}]},{\"@type\":\"WebSite\",\"@id\":\"https:\/\/guillaumebrucelle.com\/#website\",\"url\":\"https:\/\/guillaumebrucelle.com\/\",\"name\":\"Guillaume BRUCELLE\",\"description\":\"Composer, arranger and orchestrator\",\"potentialAction\":[{\"@type\":\"SearchAction\",\"target\":{\"@type\":\"EntryPoint\",\"urlTemplate\":\"https:\/\/guillaumebrucelle.com\/?s={search_term_string}\"},\"query-input\":\"required name=search_term_string\"}],\"inLanguage\":\"fr-FR\"}]}<\/script>\n<!-- \/ Yoast SEO plugin. -->","yoast_head_json":{"title":"Guillaume Brucelle - Guillaume BRUCELLE","robots":{"index":"index","follow":"follow","max-snippet":"max-snippet:-1","max-image-preview":"max-image-preview:large","max-video-preview":"max-video-preview:-1"},"canonical":"https:\/\/guillaumebrucelle.com\/","og_locale":"fr_FR","og_type":"article","og_title":"Guillaume Brucelle - Guillaume BRUCELLE","og_description":"Organiste, compositeur, arrangeur et orchestrateur, son art s&rsquo;\u00e9tend sur plusieurs champs, celui de la composition \u00e0 l&rsquo;image mais aussi enContinue readingGuillaume Brucelle","og_url":"https:\/\/guillaumebrucelle.com\/","og_site_name":"Guillaume BRUCELLE","article_modified_time":"2024-01-20T19:45:46+00:00","twitter_card":"summary_large_image","twitter_misc":{"Dur\u00e9e de lecture estim\u00e9e":"1 minute"},"schema":{"@context":"https:\/\/schema.org","@graph":[{"@type":"WebPage","@id":"https:\/\/guillaumebrucelle.com\/","url":"https:\/\/guillaumebrucelle.com\/","name":"Guillaume Brucelle - Guillaume BRUCELLE","isPartOf":{"@id":"https:\/\/guillaumebrucelle.com\/#website"},"datePublished":"2022-09-11T12:40:30+00:00","dateModified":"2024-01-20T19:45:46+00:00","breadcrumb":{"@id":"https:\/\/guillaumebrucelle.com\/#breadcrumb"},"inLanguage":"fr-FR","potentialAction":[{"@type":"ReadAction","target":["https:\/\/guillaumebrucelle.com\/"]}]},{"@type":"BreadcrumbList","@id":"https:\/\/guillaumebrucelle.com\/#breadcrumb","itemListElement":[{"@type":"ListItem","position":1,"name":"Accueil","item":"https:\/\/guillaumebrucelle.com\/"},{"@type":"ListItem","position":2,"name":"Guillaume Brucelle"}]},{"@type":"WebSite","@id":"https:\/\/guillaumebrucelle.com\/#website","url":"https:\/\/guillaumebrucelle.com\/","name":"Guillaume BRUCELLE","description":"Composer, arranger and orchestrator","potentialAction":[{"@type":"SearchAction","target":{"@type":"EntryPoint","urlTemplate":"https:\/\/guillaumebrucelle.com\/?s={search_term_string}"},"query-input":"required name=search_term_string"}],"inLanguage":"fr-FR"}]}},"_links":{"self":[{"href":"https:\/\/guillaumebrucelle.com\/index.php?rest_route=\/wp\/v2\/pages\/12","targetHints":{"allow":["GET"]}}],"collection":[{"href":"https:\/\/guillaumebrucelle.com\/index.php?rest_route=\/wp\/v2\/pages"}],"about":[{"href":"https:\/\/guillaumebrucelle.com\/index.php?rest_route=\/wp\/v2\/types\/page"}],"author":[{"embeddable":true,"href":"https:\/\/guillaumebrucelle.com\/index.php?rest_route=\/wp\/v2\/users\/1"}],"replies":[{"embeddable":true,"href":"https:\/\/guillaumebrucelle.com\/index.php?rest_route=%2Fwp%2Fv2%2Fcomments&post=12"}],"version-history":[{"count":16,"href":"https:\/\/guillaumebrucelle.com\/index.php?rest_route=\/wp\/v2\/pages\/12\/revisions"}],"predecessor-version":[{"id":119,"href":"https:\/\/guillaumebrucelle.com\/index.php?rest_route=\/wp\/v2\/pages\/12\/revisions\/119"}],"wp:attachment":[{"href":"https:\/\/guillaumebrucelle.com\/index.php?rest_route=%2Fwp%2Fv2%2Fmedia&parent=12"}],"curies":[{"name":"wp","href":"https:\/\/api.w.org\/{rel}","templated":true}]}}